{"id":4,"date":"2020-03-24T15:27:15","date_gmt":"2020-03-24T15:27:15","guid":{"rendered":"http:\/\/universitaesicurezza.it\/benvenuti-a-http-universitaesicurezza-it"},"modified":"2020-03-24T15:27:15","modified_gmt":"2020-03-24T15:27:15","slug":"benvenuti-a-http-universitaesicurezza-it","status":"publish","type":"page","link":"https:\/\/universitaesicurezza.it\/?page_id=4","title":{"rendered":"Benvenuti a https:\/\/universitaesicurezza.it"},"content":{"rendered":"\n<p>Questa \u00e8 la tua homepage. E &#8216;diverso da un post di un blog perch\u00e9 rimarr\u00e0 in un unico posto e apparir\u00e0 nella navigazione del tuo sito (nella maggior parte dei temi).<\/p>\n\n\n\n<p>Una volta eseguito l&#8217;accesso a WordPress, puoi modificare questa pagina cliccando sul pulsante <strong>Modifica pagina<\/strong> nella barra degli strumenti. Questa pagina pu\u00f2 servire a presentare te stesso oppure la tua azienda ai potenziali visitatori del sito e potrebbe dire qualcosa del genere:<\/p>\n\n\n\n<blockquote class=\"wp-block-quote is-layout-flow wp-block-quote-is-layout-flow\">\n    <p>Ciao! Sono un fattorino ciclista di giorno, aspirante attore di notte e questo \u00e8 il mio sito web. Vivo a Los Angeles, ho un grande cane di nome Jack e mi piace la pi\u00f1a colada. (E prendere la pioggia)<\/p>\n<\/blockquote>\n\n\n\n<p>\u2026.o qualcosa del genere:<\/p>\n\n\n\n<blockquote class=\"wp-block-quote is-layout-flow wp-block-quote-is-layout-flow\">\n    <p>La Societ\u00e0 XYZ Aggeggi \u00e8 stata fondata nel 1971 e da allora fornisce al pubblico aggeggi di ottima qualit\u00e0. Situata a Fantasilandia, XYZ impiega oltre 2.000 persone e realizza ogni sorta di aggeggio fantastico per la comunit\u00e0 di Fantasilandia.<\/p>\n<\/blockquote>\n\n\n\n<p>Se invece preferisci che sulla tua homepage venga mostrato un elenco degli articoli pi\u00f9 recenti, apri le <a href='https:\/\/universitaesicurezza.it\/wp-admin\/options-reading.php'>Impostazioni<\/a> e seleziona l&#8217;opzione \u201cGli ultimi articoli\u201d.<\/p>\n\n\n\n<p>Divertiti!<\/p>\n","protected":false},"excerpt":{"rendered":"<p>Questa \u00e8 la tua homepage. E &#8216;diverso da un post di un blog perch\u00e9 rimarr\u00e0<\/p>\n","protected":false},"author":1,"featured_media":0,"parent":0,"menu_order":0,"comment_status":"closed","ping_status":"open","template":"","meta":{"footnotes":""},"class_list":["post-4","page","type-page","status-publish","hentry"],"_links":{"self":[{"href":"https:\/\/universitaesicurezza.it\/index.php?rest_route=\/wp\/v2\/pages\/4","targetHints":{"allow":["GET"]}}],"collection":[{"href":"https:\/\/universitaesicurezza.it\/index.php?rest_route=\/wp\/v2\/pages"}],"about":[{"href":"https:\/\/universitaesicurezza.it\/index.php?rest_route=\/wp\/v2\/types\/page"}],"author":[{"embeddable":true,"href":"https:\/\/universitaesicurezza.it\/index.php?rest_route=\/wp\/v2\/users\/1"}],"replies":[{"embeddable":true,"href":"https:\/\/universitaesicurezza.it\/index.php?rest_route=%2Fwp%2Fv2%2Fcomments&post=4"}],"version-history":[{"count":0,"href":"https:\/\/universitaesicurezza.it\/index.php?rest_route=\/wp\/v2\/pages\/4\/revisions"}],"wp:attachment":[{"href":"https:\/\/universitaesicurezza.it\/index.php?rest_route=%2Fwp%2Fv2%2Fmedia&parent=4"}],"curies":[{"name":"wp","href":"https:\/\/api.w.org\/{rel}","templated":true}]}}